{"id":115,"date":"2018-01-26T20:49:09","date_gmt":"2018-01-26T19:49:09","guid":{"rendered":"http:\/\/localhost\/COBA\/?page_id=115"},"modified":"2020-12-01T10:31:50","modified_gmt":"2020-12-01T09:31:50","slug":"nos-partenaires","status":"publish","type":"page","link":"https:\/\/www.bateliers.net\/index.php\/nos-partenaires\/","title":{"rendered":"Nos Partenaires"},"content":{"rendered":"<div data-label=\"Features\" data-id=\"features-12-card-bordered-colored\" data-export-id=\"features-12-card-bordered-colored\" data-category=\"features\" class=\"features-12-card-bordered-colored content-section content-section-spacing \" id=\"features-2\" style=\"background-color: #ffffff;\">\r\n<div class=\"gridContainer\">\r\n<div class=\"row text-center\">\r\n<div class=\"section-title-col\" data-type=\"column\">\r\n<h2 class=\"\"><span style=\"text-decoration: underline;\">Nos Partenaires<\/span><\/h2>\r\n<p class=\"lead\">Nous sommes une association \u00e0 vocation culturelle. Faire vivre la tradition de la batellerie et faire d\u00e9couvrir les Gorges de l\u2019Ard\u00e8che. Nous tenons ici \u00e0 remercier avec qui nous existons<\/p>\r\n\r\n<\/div>\r\n<\/div>\r\n<div class=\"row spaced-cols\" data-type=\"row\">\r\n<div class=\"col-xs-12 col-sm-6\">\r\n<div class=\"card row-card bottom-border-color2\">\r\n<div class=\"row\">\r\n<div class=\"col-sm-fit\"><i class=\"fa icon fa-check bordered round color1\"> <\/i><\/div>\r\n<div class=\"col-sm\">\r\n<h5 class=\"color2\">LE DEPARTEMENT DE L\u2019ARDECHE<\/h5>\r\n<p class=\"\">Laissez-vous \u00e9merveiller par l&rsquo;Ard\u00e8che !\r\nQuelle que soit votre mani\u00e8re de voyager, l\u2019Ard\u00e8che vous \u00e9merveillera : week-end merveilleux, s\u00e9jours sportifs en pleine nature, s\u00e9jours de charme, s\u00e9jours en famille et en couple, pause gourmande, vacances bien-\u00eatre&#8230; L\u2019Ard\u00e8che est id\u00e9ale pour des vacances sous le signe des sports en plein air : v\u00e9lo et VTT, cano\u00eb-kayak, randonn\u00e9e \u00e0 cheval ou p\u00e9destre&#8230; L\u2019Ard\u00e8che est aussi un lieu de culture, d\u2019art et de patrimoine : visitez les charmants villages de caract\u00e8re ard\u00e9chois, partez \u00e0 la d\u00e9couverte de l\u2019histoire et du patrimoine : la grotte Chauvet, la cascade du Ray Pic, le mont Gerbier de Jonc, l&rsquo;aven d\u2019Orgnac&#8230; <a href=\"https:\/\/www.ardeche-guide.com\/\">PREPAREZ VOTRE SEJOUR<\/a><\/p>\r\n\r\n<\/div>\r\n<\/div>\r\n<\/div>\r\n<\/div>\r\n<div class=\"col-xs-12 col-sm-6\">\r\n<div class=\"card row-card bottom-border-color2\">\r\n<div class=\"row\">\r\n<div class=\"col-sm-fit\"><i class=\"fa icon fa-check bordered round color1\"> <\/i><\/div>\r\n<div class=\"col-sm\">\r\n<h5 class=\"color2\">LA COMMUNAUTE DE COMMUNES<\/h5>\r\n<p class=\"\">Depuis le 1er janvier 2017, nous avons le plaisir de travailler \u00e0 20 communes. Pour autant, notre Communaut\u00e9 de communes conserve totalement son caract\u00e8re rural et sa mission principale : faire ensemble ce que les communes ne peuvent pas faire, ou feraient moins bien, seules, proposer des services qui ne pourraient exister sans \u00eatre mutualis\u00e9s \u00e0 l\u2019\u00e9chelle intercommunale. A l\u2019heure o\u00f9 les rep\u00e8res politiques changent, la commune est -et demeure- l\u2019\u00e9chelon de proximit\u00e9 privil\u00e9gi\u00e9, le lien direct entre l\u2019habitant, le citoyen, et l\u2019action publique, repr\u00e9sent\u00e9e par l\u2019\u00e9lu communal et les services municipaux&#8230;\r\nExtraits de l&rsquo;\u00e9dito de Max Thibon, pr\u00e9sident de la comcom.\u00a0 \u00a0<a href=\"http:\/\/www.cc-gorgesardeche.fr\/\"> LA COMMUNAUTE DE COMMUNES<\/a><\/p>\r\n\r\n<\/div>\r\n<\/div>\r\n<\/div>\r\n<\/div>\r\n<div class=\"col-xs-12 col-sm-6\">\r\n<div class=\"card row-card bottom-border-color2\">\r\n<div class=\"row\">\r\n<div class=\"col-sm-fit\"><i class=\"fa icon fa-check bordered round color1\"> <\/i><\/div>\r\n<div class=\"col-sm\">\r\n<h5 class=\"color2\">L\u2019OFFICE DU TOURISME PONT D\u2019ARC ARDECHE<\/h5>\r\n<p class=\"\">De Vog\u00fc\u00e9 \u00e0 St Remeze, de Lagorce \u00e0 Orgnac, de Balazuc \u00e0 Labeaume, de Vallon Pont d&rsquo;Arc \u00e0 Ruoms, &#8230; le territoire de la Grotte Chauvet et des Gorges de l&rsquo;Ard\u00e8che vous accueille pour un s\u00e9jour unique au monde. Vous y retrouverez des sites touristiques majeurs et une offre d&rsquo;h\u00e9bergements vari\u00e9e et au gout de chacun ! Un camping au bord de l\u2019eau ou au coeur d&rsquo;un champ de lavande, un h\u00f4tel au calme en toute intimit\u00e9, un g\u00eete en pierres isol\u00e9 en pleine nature ou au coeur d\u2019un village anim\u00e9, une chambre d\u2019h\u00f4tes pour un accueil 100 % ard\u00e9chois ou encore un gite de groupes,village de g\u00eetes,ensemble locatifs, village de vacances ou r\u00e9sidence de tourisme pour les r\u00e9unions de famille ou les vacances entre amis. <a href=\"http:\/\/pontdarc-ardeche.fr\/\">OFFICE DU TOURISME<\/a><\/p>\r\n\r\n<\/div>\r\n<\/div>\r\n<\/div>\r\n<\/div>\r\n<div class=\"col-xs-12 col-sm-6\">\r\n<div class=\"card row-card bottom-border-color2\">\r\n<div class=\"row\">\r\n<div class=\"col-sm-fit\"><i class=\"fa icon fa-check bordered round color1\"> <\/i><\/div>\r\n<div class=\"col-sm\">\r\n<h5 class=\"color2\">LES CHAIX DU PONT D&rsquo;ARC<\/h5>\r\n<p class=\"\">Fond\u00e9e en 1928, la cave des Vignerons Sud Ard\u00e8che regroupe les viticulteurs d&rsquo;une douzaine de communes autour de Ruoms et Vallon Pont d&rsquo;Arc. Elle fait partie des 15 caves de vinification qui composent l&rsquo;Union des Vignerons Ard\u00e9chois. <a href=\"http:\/\/www.leschaisdupontdarc.com\">LE CAVEAU<\/a><\/p>\r\n\r\n<\/div>\r\n<\/div>\r\n<\/div>\r\n<\/div>\r\n<\/div>\r\n<\/div>\r\n<\/div>\r\n<div data-label=\"Features\" data-id=\"features-12-card\" data-export-id=\"features-12-card\" data-category=\"features\" class=\"features-12-card content-section content-section-spacing \" id=\"features-1\" style=\"background-color: #f5fafd;\">\r\n<div class=\"gridContainer\">\r\n<div class=\"row text-center\">\r\n<div class=\"section-title-col\" data-type=\"column\">\r\n<h2 class=\"\"><span style=\"text-decoration: underline;\">Les amis de la batellerie :<\/span><\/h2>\r\n<\/div>\r\n<\/div>\r\n<div class=\"row spaced-cols\" data-type=\"row\">\r\n<div class=\"col-sm-6\">\r\n<div class=\"card row-card\">\r\n<div class=\"row\">\r\n<div class=\"col-sm-fit\"><i class=\"fa icon fa-check bordered round color1\"> <\/i><\/div>\r\n<div class=\"col-sm\" data-type=\"column\">\r\n<h5 class=\"color2\">LES GUIDES DE RIVIERE<\/h5>\r\nDes moniteurs dipl\u00f4m\u00e9s vous propose de vous enseigner le Cano\u00eb-kayak et de d\u00e9couvrir ce merveilleux site :\r\nAlain Champetier : <a href=\"https:\/\/www.ecole07canoekayak.fr\" class=\"\">Ecole Ard\u00e9choise de cano\u00eb-kayak\r\n<\/a>Chistophe Pernot : <a href=\"http:\/\/pontdarc-ardeche.fr\/noesit\/!\/fiche\/accompagnement-canoe-enfants-moins-de-7-ans-christophe-pernot-597300\" class=\"\">Ecole de Kayak\r\n<\/a>Fab et Ugo : <a href=\"http:\/\/www.fabetugo.com\" class=\"\">Ekobato<\/a>\r\nBenoit RENAUDIER : <a href=\"https:\/\/www.canoyak.fr\" class=\"\">Canoyak<\/a>\r\n\r\n<\/div>\r\n<\/div>\r\n<\/div>\r\n<\/div>\r\n<div class=\"col-sm-6\">\r\n<div class=\"card row-card\">\r\n<div class=\"row\">\r\n<div class=\"col-sm-fit\"><i class=\"fa icon fa-check bordered round color1\"> <\/i><\/div>\r\n<div class=\"col-sm\" data-type=\"column\">\r\n<h5 class=\"color2\">LES HEBERGEURS<\/h5>\r\n<\/div>\r\n<\/div>\r\n<\/div>\r\n<\/div>\r\n<div class=\"col-sm-6\">\r\n<div class=\"card row-card\">\r\n<div class=\"row\">\r\n<div class=\"col-sm-fit\"><i class=\"fa icon fa-check bordered round color1\"> <\/i><\/div>\r\n<div class=\"col-sm\" data-type=\"column\">\r\n<h5 class=\"color2\">LE CLUB DE KAYAK VALLON PLEIN AIR<\/h5>\r\nClub Olympique en 2004 avec Beno\u00eet Peschier, ils vous proposerons de pratiquer le cano\u00eb ou le kayak. Une autre association qui met \u00e0 l\u2019honneur les Gorges de l\u2019Ard\u00e8che, notamment en organisant le <a href=\"https:\/\/www.marathon-ardeche.com\" class=\"\">Marathon des Gorges de l\u2019Ard\u00e8che<\/a>\r\n\r\n<\/div>\r\n<\/div>\r\n<\/div>\r\n<\/div>\r\n<div class=\"col-sm-6\">\r\n<div class=\"card row-card\">\r\n<div class=\"row\">\r\n<div class=\"col-sm-fit\"><i class=\"fa icon fa-check bordered round color1\"> <\/i><\/div>\r\n<div class=\"col-sm\" data-type=\"column\">\r\n<h5 class=\"color2\">LES RESTAURANTS<\/h5>\r\n<p class=\"\"><\/p>\r\n\r\n<\/div>\r\n<\/div>\r\n<\/div>\r\n<\/div>\r\n<\/div>\r\n<\/div>\r\n<\/div>","protected":false},"excerpt":{"rendered":"<p>Nos Partenaires Nous sommes une association \u00e0 vocation culturelle. Faire vivre la tradition de la batellerie et faire d\u00e9couvrir les Gorges de l\u2019Ard\u00e8che. Nous tenons ici \u00e0 remercier avec qui nous existons LE DEPARTEMENT DE L\u2019ARDECHE Laissez-vous \u00e9merveiller par l&rsquo;Ard\u00e8che ! Quelle que soit votre mani\u00e8re de voyager, l\u2019Ard\u00e8che vous \u00e9merveillera : week-end merveilleux, s\u00e9jours&hellip; <br \/> <a class=\"read-more\" href=\"https:\/\/www.bateliers.net\/index.php\/nos-partenaires\/\">Lire la suite<\/a><\/p>\n","protected":false},"author":1,"featured_media":0,"parent":0,"menu_order":0,"comment_status":"closed","ping_status":"closed","template":"pro\/page-templates\/full-width-page.php","meta":[],"_links":{"self":[{"href":"https:\/\/www.bateliers.net\/index.php\/wp-json\/wp\/v2\/pages\/115"}],"collection":[{"href":"https:\/\/www.bateliers.net\/index.php\/wp-json\/wp\/v2\/pages"}],"about":[{"href":"https:\/\/www.bateliers.net\/index.php\/wp-json\/wp\/v2\/types\/page"}],"author":[{"embeddable":true,"href":"https:\/\/www.bateliers.net\/index.php\/wp-json\/wp\/v2\/users\/1"}],"replies":[{"embeddable":true,"href":"https:\/\/www.bateliers.net\/index.php\/wp-json\/wp\/v2\/comments?post=115"}],"version-history":[{"count":23,"href":"https:\/\/www.bateliers.net\/index.php\/wp-json\/wp\/v2\/pages\/115\/revisions"}],"predecessor-version":[{"id":686,"href":"https:\/\/www.bateliers.net\/index.php\/wp-json\/wp\/v2\/pages\/115\/revisions\/686"}],"wp:attachment":[{"href":"https:\/\/www.bateliers.net\/index.php\/wp-json\/wp\/v2\/media?parent=115"}],"curies":[{"name":"wp","href":"https:\/\/api.w.org\/{rel}","templated":true}]}}