{"id":13,"date":"2018-01-24T12:38:48","date_gmt":"2018-01-24T11:38:48","guid":{"rendered":"http:\/\/localhost\/COBA\/index.php\/mesmerize\/"},"modified":"2025-07-17T15:14:19","modified_gmt":"2025-07-17T13:14:19","slug":"mesmerize","status":"publish","type":"page","link":"https:\/\/www.bateliers.net\/","title":{"rendered":"Accueil"},"content":{"rendered":"<div  data-label=\"Content\" data-id=\"content--2\" data-export-id=\"content-7\" data-category=\"content\" class=\"content-7 content-section content-section-spacing\" id=\"content-2\" style=\"background-color: rgb(245, 250, 253);\"><div  class=\"gridContainer\"> <div  class=\"row middle-sm\"><div  class=\"col-sm-6 space-bottom-xs\" data-type=\"column\"> <h2  class=\"\" style=\"text-align: center;\">Bienvenue sur le site de l\u2019Association des Bateliers de l\u2019Ard\u00e8che<\/h2> <p  class=\"\">Fond\u00e9 en 1994, la batellerie de l\u2019Ard\u00e8che avait comme vocation de proposer des descentes \u00e0 la journ\u00e9e des 24 km des Gorges de l\u2019Ard\u00e8che. Ceci \u00e9tait la continuit\u00e9 d\u2019une histoire de navigation mill\u00e9naire effectu\u00e9 en barque traditionnelle.\n<br ><br >Aujourd\u2019hui notre association essaie de faire perdurer et rayonner ce patrimoine unique.\n<br ><br >Forte d\u2019une passion commune pour l\u2019histoire, les traditions et le savoir-faire li\u00e9s \u00e0 la navigation fluviale, notre mission est de pr\u00e9server et de transmettre cet h\u00e9ritage pr\u00e9cieux aux g\u00e9n\u00e9rations futures.<br >\nTout au long de l\u2019ann\u00e9e, nous organisons des manifestations vari\u00e9es : expositions, d\u00e9monstrations et sorties th\u00e9matiques sur l\u2019eau. Ces \u00e9v\u00e9nements sont l\u2019occasion de d\u00e9couvrir ou de red\u00e9couvrir le riche univers de la batellerie et de rencontrer des passionn\u00e9s partageant un m\u00eame amour pour la rivi\u00e8re et son histoire.<br >\nNous proposerons ponctuellement des sorties en barque dans le cadre de sorties \u00e0 th\u00e8me, qui seront annonc\u00e9s au pr\u00e9alable sur ce site et dans la presse locale.<\/p> <a class=\"button color1\" href=\"https:\/\/www.bateliers.net\/index.php\/412-2\" target=\"_self\" data-cp-link=\"1\" data-icon=\"\" rel=\"noopener\">EN SAVOIR PLUS\u2026<\/a><\/div> <div  class=\"col-sm-6\" data-type=\"column\"> <img  decoding=\"async\" class=\"shadow-large\" src=\"https:\/\/www.bateliers.net\/wp-content\/uploads\/2018\/01\/PA7.jpg\" title=\"PA7\" alt=\"\"><\/div> <\/div><\/div> <\/div><div  id=\"content-1\" class=\"content-2 content-section content-section-spacing\" style=\"background-color: #f5fafd;\" data-label=\"Content\" data-id=\"content--1\" data-export-id=\"content-2\" data-category=\"content\">\n<div >\n<div  class=\"row middle-xs\">\n<div  class=\"col-sm-5 bg-image shadow-large-black\" style=\"background-image: url(&quot;https:\/\/www.bateliers.net\/wp-content\/uploads\/2025\/04\/AFFICHE-BATELIERS2025-petite-2.jpg&quot;);\" data-bg=\"image\">&nbsp;<\/div>\n<div  class=\"col-sm-7 full-col-left-padding full-col-right-padding\">\n<div  class=\"row\">\n<div  class=\"space-bottom-small content-title-col\" data-type=\"column\">\n<h5  class=\"\" style=\"text-align: center;\">les 30 ans de la confrerie des bateliers 1994-2024 \u00e0 Ruoms<\/h5>\n<h2  class=\"\" style=\"text-align: center;\"><span  style=\"font-weight: 400;\">LA FETE&nbsp; DES&nbsp; BATELIERS<\/span><br >le 3 mai 2025<\/h2>\n<p  class=\"\"><span  style=\"text-decoration: underline; font-weight: 600;\">1er CHALLENGE DAVID ACHARD<\/span><\/p>\n<\/div>\n<\/div>\n<div  class=\"row spaced-cols \" data-type=\"row\">\n<div  class=\"col-xs-6\" data-type=\"column\">\n<h5  class=\"\">Le challenge<\/h5>\n<p  class=\"\">Jeux d\u2019adresse&nbsp;en barque \n<br >par \u00e9quipe de 4.<br ><br >Inscriptions et renseignements :<br >06 70 07 91 65<\/p>\n<\/div>\n<div  class=\"col-xs-6\" data-type=\"column\">\n<h5  class=\"\">Promenades en barque<\/h5>\n<p  class=\"\">Les bateliers conduiront votre barque en vous racontant l\u2019histoire locale.<\/p>\n<\/div>\n<div  class=\"col-xs-6\" data-type=\"column\">\n<h5  class=\"\">Concours de p\u00e9tanque<\/h5>\n<p  class=\"\">En triplettes. Limit\u00e9 \u00e0 32 \u00e9quipes, en poules. D\u00e9but des parties \u00e0 10 h.<br ><br ><span  style=\"text-decoration: underline;\">Inscriptions :<\/span> 06 82 56 73 85<\/p>\n<\/div>\n<div  class=\"col-xs-6\" data-type=\"column\">\n<h5  class=\"\">Repas<\/h5>\n<p  class=\"\">Nous vous proposerons une paella, fromage et fruit pour 15 \u20ac.<br ><br ><span  style=\"text-decoration: underline;\">R\u00e9servation : \n<\/span><br >Tabac Mag Presse<br >1 rue des Brasseries 07120 Ruoms<\/p>\n<\/div>\n<div  class=\"col-xs-6\" data-type=\"column\">\n<h5  class=\"\">Buvette<\/h5>\n<p  class=\"\">Petite restauration toute la journ\u00e9e (cr\u00eapes sucr\u00e9es, hot dog\u2026)<\/p>\n<\/div>\n<div  class=\"col-xs-6\" data-type=\"column\">\n<h5  class=\"\">Animation<\/h5>\n<p  class=\"\">En lien avec la rivi\u00e8re Ard\u00e8che, vous pourrez d\u00e9ambuler de stand en stand.<\/p>\n<\/div>\n<\/div>\n<\/div>\n<\/div>\n<\/div>\n<\/div><div  id=\"contact-1\" class=\"contact-1 content-section content-section-spacing white-text\" style=\"background-size: cover; background-position: center top; background-image: url('https:\/\/www.bateliers.net\/wp-content\/uploads\/2018\/04\/NAVIG8.jpg');\" data-label=\"Contact\" data-id=\"contact-1\" data-export-id=\"contact-1\" data-category=\"contact\" data-parallax-depth=\"20\" data-section-ov=\"1\">\n<div  class=\"gridContainer\">\n<div  class=\"row text-center\">\n<div  class=\"section-title-col\" data-type=\"column\">\n<h2  class=\"\">Nous contacter<\/h2>\n<p  class=\"lead\">Si vous avez besoins de plus d\u2019informations sur la confr\u00e9rie, merci de nous contacter par courriel.<\/p>\n<\/div>\n<\/div>\n<p  class=\"p-form\" style=\"text-align: center;\"><span  style=\"font-weight: bold;\">LA CONFRERIE DES BATELIERS DE L\u2019ARDECHE<\/span><\/p>\n<p ><span  style=\"font-weight: bold;\"><br >Mairie de Grospierre \u2013 07120 \u2013 GROSPIERRE<\/span><\/p>\n<p >&nbsp;<\/p>\n<p >&nbsp; &nbsp; &nbsp; &nbsp; &nbsp; &nbsp; &nbsp; &nbsp; &nbsp; &nbsp; &nbsp; &nbsp;Si vous voullez nous contacter par courriel : contact@bateliers.net<\/p>\n<\/div>\n<\/div>","protected":false},"excerpt":{"rendered":"<p>Bienvenue sur le site de l\u2019Association des Bateliers de l\u2019Ard\u00e8che Fond\u00e9 en 1994, la batellerie de l\u2019Ard\u00e8che avait comme vocation de proposer des descentes \u00e0 la journ\u00e9e des 24 km des Gorges de l\u2019Ard\u00e8che. Ceci \u00e9tait la continuit\u00e9 d\u2019une histoire de navigation mill\u00e9naire effectu\u00e9 en barque traditionnelle. Aujourd\u2019hui notre association essaie de faire perdurer et&hellip; <br \/> <a class=\"read-more\" href=\"https:\/\/www.bateliers.net\/\">Lire la suite<\/a><\/p>\n","protected":false},"author":1,"featured_media":0,"parent":0,"menu_order":0,"comment_status":"closed","ping_status":"closed","template":"page-templates\/homepage.php","meta":[],"_links":{"self":[{"href":"https:\/\/www.bateliers.net\/index.php\/wp-json\/wp\/v2\/pages\/13"}],"collection":[{"href":"https:\/\/www.bateliers.net\/index.php\/wp-json\/wp\/v2\/pages"}],"about":[{"href":"https:\/\/www.bateliers.net\/index.php\/wp-json\/wp\/v2\/types\/page"}],"author":[{"embeddable":true,"href":"https:\/\/www.bateliers.net\/index.php\/wp-json\/wp\/v2\/users\/1"}],"replies":[{"embeddable":true,"href":"https:\/\/www.bateliers.net\/index.php\/wp-json\/wp\/v2\/comments?post=13"}],"version-history":[{"count":129,"href":"https:\/\/www.bateliers.net\/index.php\/wp-json\/wp\/v2\/pages\/13\/revisions"}],"predecessor-version":[{"id":1108,"href":"https:\/\/www.bateliers.net\/index.php\/wp-json\/wp\/v2\/pages\/13\/revisions\/1108"}],"wp:attachment":[{"href":"https:\/\/www.bateliers.net\/index.php\/wp-json\/wp\/v2\/media?parent=13"}],"curies":[{"name":"wp","href":"https:\/\/api.w.org\/{rel}","templated":true}]}}