{"id":299,"date":"2018-01-29T16:50:17","date_gmt":"2018-01-29T15:50:17","guid":{"rendered":"https:\/\/www.bateliers.net\/?page_id=299"},"modified":"2025-04-03T11:18:16","modified_gmt":"2025-04-03T09:18:16","slug":"informations-legales","status":"publish","type":"page","link":"https:\/\/www.bateliers.net\/index.php\/informations-legales\/","title":{"rendered":"Informations L\u00e9gales"},"content":{"rendered":"<div  id=\"initial-content-section\" class=\"content-section\" data-id=\"initial-content-section\" data-export-id=\"initial-content-section\" data-label=\"Initial Content\">\n<div  class=\"gridContainer\">\n<div  class=\"row\">\n<div  class=\"col-xs-12 col-sm-12\">\n<h3 >CONFRERIE DES BATELIERS DE L\u2019ARDECHE<\/h3>\n<h5 >Mairie de Grospierres \u2013&nbsp;07150&nbsp; &nbsp;GROSPIERRES\n<br ><br >\n<span style=\"font-weight: 300;\" >Association loi 1901, d\u00e9clar\u00e9e en sous-pr\u00e9fecture de LARGENTIERE, Le 30 mars 1994\n<br ><br >Enregistr\u00e9e sous le N\u00b0 W071002312\n<br ><br >SIREN :  408975233 00011\n<br ><br >Code NAF : 9499Z\n<br ><br > CNIL : D\u00c9CLARATION NORMALE N\u00b0 2148677 v 0, du 01 f\u00e9vrier 2018<\/span><br ><\/h5>\n<h5 >contact@bateliers.net\n<br ><br >\n\ud83d\ude42<br ><\/h5>\n<\/div>\n<\/div>\n<\/div>\n<\/div>","protected":false},"excerpt":{"rendered":"<p>CONFRERIE DES BATELIERS DE L\u2019ARDECHE Mairie de Grospierres \u2013&nbsp;07150&nbsp; &nbsp;GROSPIERRES Association loi 1901, d\u00e9clar\u00e9e en sous-pr\u00e9fecture de LARGENTIERE, Le 30 mars 1994 Enregistr\u00e9e sous le N\u00b0 W071002312 SIREN : 408975233 00011 Code NAF : 9499Z CNIL : D\u00c9CLARATION NORMALE N\u00b0 2148677 v 0, du 01 f\u00e9vrier 2018 contact@bateliers.net \ud83d\ude42<\/p>\n","protected":false},"author":1,"featured_media":0,"parent":0,"menu_order":0,"comment_status":"closed","ping_status":"closed","template":"pro\/page-templates\/full-width-page.php","meta":[],"_links":{"self":[{"href":"https:\/\/www.bateliers.net\/index.php\/wp-json\/wp\/v2\/pages\/299"}],"collection":[{"href":"https:\/\/www.bateliers.net\/index.php\/wp-json\/wp\/v2\/pages"}],"about":[{"href":"https:\/\/www.bateliers.net\/index.php\/wp-json\/wp\/v2\/types\/page"}],"author":[{"embeddable":true,"href":"https:\/\/www.bateliers.net\/index.php\/wp-json\/wp\/v2\/users\/1"}],"replies":[{"embeddable":true,"href":"https:\/\/www.bateliers.net\/index.php\/wp-json\/wp\/v2\/comments?post=299"}],"version-history":[{"count":19,"href":"https:\/\/www.bateliers.net\/index.php\/wp-json\/wp\/v2\/pages\/299\/revisions"}],"predecessor-version":[{"id":1103,"href":"https:\/\/www.bateliers.net\/index.php\/wp-json\/wp\/v2\/pages\/299\/revisions\/1103"}],"wp:attachment":[{"href":"https:\/\/www.bateliers.net\/index.php\/wp-json\/wp\/v2\/media?parent=299"}],"curies":[{"name":"wp","href":"https:\/\/api.w.org\/{rel}","templated":true}]}}