{"id":412,"date":"2018-02-06T17:44:51","date_gmt":"2018-02-06T16:44:51","guid":{"rendered":"https:\/\/www.canoyak.fr\/COBA\/?page_id=412"},"modified":"2018-02-15T11:11:53","modified_gmt":"2018-02-15T10:11:53","slug":"412-2","status":"publish","type":"page","link":"https:\/\/www.bateliers.net\/index.php\/412-2\/","title":{"rendered":"L&rsquo;ASSOCIATION ET LES BATELIERS"},"content":{"rendered":"<div  data-id=\"initial-content-section\" data-export-id=\"initial-content-section\" data-label=\"Initial Content\" id=\"initial-content-section\" class=\"content-section\">\r\n   <div  class=\"gridContainer\">\r\n     <div  class=\"row\">\r\n\r\n        <div  class=\"col-xs-12 col-sm-12\">                <style  type=\"text\/css\">\r\n      .ombrage {<br   \/>\r\n        border: 5px solid #fff;        -moz-box-shadow: 8px 8px 12px #aaa;       -webkit-box-shadow: 8px 8px 12px #aaa;        box-shadow: 8px 8px 12px #555;      }    <\/style>\r\n\r\n<!-- [if lte IE 8]>\r\n\r\n<style   type=\"text\/css\">\r\n  .ombrage {\r\n   filter:progid:DXImageTransform.Microsoft.Shadow(color='#aaaaaa', Direction=135, Strength=12);\r\n   zoom: 1;\r\n}\r\n<\/style>\r\n<![endif]-->\r\n\r\n<div  class=\"space-bottom-small content-title-col\" data-type=\"column\">\r\n<h2  class=\"\">L\u2019association, des hommes et un terroir :<\/h2>\r\n<\/div>\r\n\r\n<div  class=\"row spaced-cols\" data-type=\"row\">\r\n<div  class=\"col-xs-6\" data-type=\"column\">\r\n<h5  class=\"\">\r\n<br ><br >Nous sommes &nbsp;\u00bb des pluri-actifs ruraux &nbsp;\u00bb\r\net habitons les villages riverains de la rivi\u00e8re\r\ndepuis St Rem\u00e8ze jusqu\u2019a Ruoms,\r\nLabeaume et m\u00eame B\u00e9rrias\r\nen passant par Vallon, Sampzon,\r\nGrospierres et St Alban-Auriolles.<\/h5>\r\n<\/div>\r\n<div  class=\"col-xs-6\" data-type=\"column\">\r\n<img decoding=\"async\"  class=\"ombrage\" src=\"https:\/\/www.bateliers.net\/wp-content\/uploads\/2018\/02\/canari.jpg\" alt=\"les bateliers\">\r\n<\/div>\r\n\r\n<div  class=\"col-xs-6\" data-type=\"column\">\r\n<h5  class=\"\">LES FONDATEURS :<\/h5>\r\nL\u2019organisation actuelle des descentes par les bateliers date de 1936. Elle fut mise en place par la bande \u00e0 Bonneau de Vallon.\r\nRelanc\u00e9 en 1986 sous l\u2019\u00e9gide de : Andr\u00e9 Gontier, ancien batelier, prof de gym\u2026\r\nChampetier Alain : batelier, p\u00e8re, fils, fr\u00e8re, oncle de bateliers, moniteur canoe-kayak et petit agriculteur.\r\n<\/div>\r\n\r\n<div  class=\"col-xs-6\" data-type=\"column\">\r\n<h5  class=\"\">LES AGRICULTEURS :<\/h5>\r\nDavid, Jean-Luc, Michel, Jean-Pierre, ils cultivent la vigne et les fruitiers.\r\nAlain A le berger,Cl\u00e9ment ouvrier viticole, et Herv\u00e9 \u00e0 la coop\u00e9rative.\r\n<\/div>\r\n\r\n<div  class=\"col-xs-6\" data-type=\"column\">\r\n<h5  class=\"\">LES GUIDES DE RIVIERE:<\/h5>\r\nAlain Ch, Marc, Camille, Lionel, Ugo, Fabien, L\u00e9o, Yann, Chico, Flofy\/p&gt;\r\n<\/div>\r\n\r\n<div  class=\"col-xs-6\" data-type=\"column\">\r\n<h5  class=\"\">LES AUTRES:<\/h5>\r\nFred D, Cyril, Ga\u00ebl, Guilhain, Romain, Annick.\r\n<\/div>\r\n\r\n<div  class=\"col-xs-6\" data-type=\"column\">\r\n<h5  class=\"\">LES BATELIERS EN FORMATION:<\/h5>\r\nLes Aspirants Bateliers : Eliott, Alexis, Shirley et Marie.\r\nLe Stagiaire : le Diaou.\r\n<\/div>\r\n\r\n<div  class=\"space-bottom-small content-title-col\" data-type=\"column\">\r\n<h4  class=\"\"><a  href=\"https:\/\/www.canoyak.fr\/COBA\/index.php\/la-conferie\/la-formation-des-bateliers\" class=\"\">Plus de d\u00e9tails voir page formation.<\/a><\/h4>\r\n<\/div>\r\n\r\n<h2 >Les Bateliers qui ont particip\u00e9 \u00e0 \u00ab&nbsp;l\u2019Aventure&nbsp;\u00bb de la Confr\u00e9rie :\r\nBubu, Jeannot, Loulou, Nicolas, Gilles, Robert E, Christophe T, Robert V, Christophe CS, Fred S, Jonas et Pierre, Paul.\r\n<\/h2><\/div>\r\n          <\/div>\r\n      <\/div>\r\n  <\/div>\r\n<\/div>","protected":false},"excerpt":{"rendered":"<p>L\u2019association, des hommes et un terroir : Nous sommes &nbsp;\u00bb des pluri-actifs ruraux &nbsp;\u00bb et habitons les villages riverains de la rivi\u00e8re depuis St Rem\u00e8ze jusqu\u2019a Ruoms, Labeaume et m\u00eame B\u00e9rrias en passant par Vallon, Sampzon, Grospierres et St Alban-Auriolles. LES FONDATEURS : L\u2019organisation actuelle des descentes par les bateliers date de 1936. Elle fut&hellip; <br \/> <a class=\"read-more\" href=\"https:\/\/www.bateliers.net\/index.php\/412-2\/\">Lire la suite<\/a><\/p>\n","protected":false},"author":1,"featured_media":0,"parent":0,"menu_order":2,"comment_status":"closed","ping_status":"closed","template":"","meta":[],"_links":{"self":[{"href":"https:\/\/www.bateliers.net\/index.php\/wp-json\/wp\/v2\/pages\/412"}],"collection":[{"href":"https:\/\/www.bateliers.net\/index.php\/wp-json\/wp\/v2\/pages"}],"about":[{"href":"https:\/\/www.bateliers.net\/index.php\/wp-json\/wp\/v2\/types\/page"}],"author":[{"embeddable":true,"href":"https:\/\/www.bateliers.net\/index.php\/wp-json\/wp\/v2\/users\/1"}],"replies":[{"embeddable":true,"href":"https:\/\/www.bateliers.net\/index.php\/wp-json\/wp\/v2\/comments?post=412"}],"version-history":[{"count":15,"href":"https:\/\/www.bateliers.net\/index.php\/wp-json\/wp\/v2\/pages\/412\/revisions"}],"predecessor-version":[{"id":550,"href":"https:\/\/www.bateliers.net\/index.php\/wp-json\/wp\/v2\/pages\/412\/revisions\/550"}],"wp:attachment":[{"href":"https:\/\/www.bateliers.net\/index.php\/wp-json\/wp\/v2\/media?parent=412"}],"curies":[{"name":"wp","href":"https:\/\/api.w.org\/{rel}","templated":true}]}}