{"id":417,"date":"2018-02-06T17:47:37","date_gmt":"2018-02-06T16:47:37","guid":{"rendered":"https:\/\/www.canoyak.fr\/COBA\/?page_id=417"},"modified":"2018-02-15T11:24:36","modified_gmt":"2018-02-15T10:24:36","slug":"la-formation-des-bateliers","status":"publish","type":"page","link":"https:\/\/www.bateliers.net\/index.php\/la-formation-des-bateliers\/","title":{"rendered":"LA FORMATION DES BATELIERS"},"content":{"rendered":"<!--<div data-id='initial-content-section' data-export-id='initial-content-section' data-label='Initial Content' id='initial-content-section' class='content-section'>!-->\r\n   <div class='gridContainer'>\r\n     <div class='row'>\r\n\r\n        <div class='col-xs-12 col-sm-12'>                <div  data-id=\"initial-content-section\" data-export-id=\"initial-content-section\" data-label=\"Initial Content\" id=\"initial-content-section\" class=\"content-section\">\r\n   <div  class=\"gridContainer\">\r\n     <div  class=\"row\">\r\n\r\n        <div  class=\"col-xs-12 col-sm-12\">\r\n<div  class=\"space-bottom-small content-title-col\" data-type=\"column\">\r\n<h2  class=\"\">La Formation des bateliers :<\/h2><\/div><br ><br>\r\n\r\n<style type=\"text\/css\">\r\n      .ombrage {        border: 5px solid #fff;        -moz-box-shadow: 8px 8px 12px #aaa;       -webkit-box-shadow: 8px 8px 12px #aaa;        box-shadow: 8px 8px 12px #555;      }    <\/style>\r\n\r\n<!-- [if lte IE 8]>\r\n\r\n<style type=\"text\/css\">\r\n  .ombrage {<br \/>   filter:progid:DXImageTransform.Microsoft.Shadow(color='#aaaaaa', Direction=135, Strength=12);<br \/>   zoom: 1;<br \/>}<br \/><\/style><![endif]-->\r\n\r\n<div class=\"row spaced-cols\" data-type=\"row\">\r\n<div class=\"col-xs-6\" data-type=\"column\">\r\n<h5>AVANT 1977 :<\/h5>\r\nTout jeune, en allant \u00e0 la p\u00eache avec son p\u00e8re ou son grand-p\u00e8re.\r\nLes loisirs \u00e9tant rares, ils commen\u00e7aient avec de petites barques, \u00e0 2 ou 3 p\u00eacheurs.\r\nL\u2019embarcation \u00e9tait plus l\u00e9g\u00e8re. La p\u00eache demande beaucoup de man\u0153uvres, des changements de vitesse fr\u00e9quents.\r\nLa p\u00eache au filet se pratique en g\u00e9n\u00e9ral en remontant la rivi\u00e8re\u00a0; ce qui d\u00e9veloppe la lecture de l\u2019eau\u00a0: la force du courant, la profondeur de l\u2019eau, la localisation des rochers, des obstacles, les molles (contre-courant).\r\nLes p\u00eacheurs professionnels ont disparu.\r\nLes p\u00eacheurs amateurs au filet sont tr\u00e8s rares, ainsi que les Barques.\r\nCette transmission des savoir s\u2019est \u00e9teinte\u00a0; difficult\u00e9 de trouver des Bateliers pour descendre des Touristes.\r\n<\/div>\r\n\r\n<div class=\"col-xs-6\" data-type=\"column\">\r\n<img decoding=\"async\" loading=\"lazy\" class=\"ombrage\" src=\"https:\/\/www.canoyak.fr\/COBA\/wp-content\/uploads\/2018\/02\/andreG-225x300.jpg\" alt=\"\" width=\"320\" height=\"480\" \/>\r\n<p>Andr\u00e9 GONTIER<\/p>\r\n<\/div>\r\n\r\n<div class=\"col-xs-6\" data-type=\"column\">\r\n<h5>EN 1977 :<\/h5>\r\n<p>A l\u2019initiative de Monsieur Andr\u00e9 GONTIER professeur au CREPS de Vallon et sous sa direction\u00a0; la premi\u00e8re formation a \u00e9t\u00e9 mise en place en collaboration avec le Lyc\u00e9e Agricole , le Comit\u00e9 D\u00e9partemental du Tourisme et les Bateliers du GIEB\u00a0: Fran\u00e7ois Dupoux, Justin Eldin&#8230;;\r\n\r\nUne dizaine de lyc\u00e9ens et 2 fils de Bateliers particip\u00e8rent \u00e0 cette formation de deux semaines. Ils pratiquaient tous le cano\u00eb ou le Kayak.\r\n\r\n1<sup>iere<\/sup> semaine :\r\nconsacr\u00e9e \u00e0 la navigation et technique Barque.\r\n2<sup>i\u00e8me<\/sup>\u00a0semaine :\r\nformation \u00e0 la connaissance du milieu dans les Gorges de l\u2019Ard\u00e8che + une formation de Conseiller Nature ; d\u00e9placements en Barque.<\/p>\r\n<\/div>\r\n\r\n<div class=\"col-xs-6\" data-type=\"column\">\r\n<h5>EN 1978 :<\/h5>\r\n<p>Suite de la formation avec int\u00e9gration de nouveaux stagiaires et construction de Barques.\r\n<\/div>\r\n\r\n<div class=\"col-xs-6\" data-type=\"column\">\r\n<h5>EN 1994 :<\/h5>\r\nVoyant que la Batellerie Ard\u00e9choise allait dispara\u00eetre par l\u2019\u00e2ge avanc\u00e9 des Bateliers.\r\nAnnick et Alain Champetier, Claude Brunel stagiaires en 1977 ont d\u00e9cid\u00e9 d\u2019organiser un stage de formation.\r\nCela correspond \u00e0 la cr\u00e9ation de la Confr\u00e9rie des Bateliers qu\u2019Annick vient de vous parler.\r\nL\u2019exp\u00e9rience de 1977 n\u2019ayant pas p\u00e9rennis\u00e9 l\u2019activit\u00e9\u00a0;nous avons d\u00e9cid\u00e9 de recruter dans le milieu agricole.\r\nNous avons fait appel \u00e0 Andr\u00e9 Gontier pour son exp\u00e9rience en p\u00e9dagogie navigation en Barque et technique construction des Barques.\r\n\r\nNous avons commenc\u00e9 par\u00a0:\r\nconstruire les Barques pour cr\u00e9er une flottille.\r\n<h6>Une devise\u00a0: \u00ab\u00a0Tel qu\u2019on fait sa Barque, on navigue\u00a0\u00bb.<\/h6><\/p>\r\n<\/div>\r\n\r\n<div class=\"col-xs-6\" data-type=\"column\">\r\n<h5>ACTUELLEMENT :<\/h5>\r\n<p>Nous seuls Bateliers, construisont nos Barques.<\/p>\r\n<\/div>\r\n\r\n<div class=\"col-xs-6\" data-type=\"column\">\r\n<h5>CYCLE DE FORMATION:<\/h5>\r\n<p>Formation \u00e0 la navigation, \u00e0 la connaissance du milieu et \u00e0 l&rsquo; environnement.\r\n\r\nSuite aux difficult\u00e9s rencontr\u00e9es avec des stagiaires n\u2019ayant aucun pass\u00e9 nautique ; nous avons d\u00e9fini qu\u2019il fallait trois ann\u00e9es pour former un Batelier :\r\n\r\n1<sup>i\u00e8re<\/sup>\u00a0ann\u00e9e\u00a0: Batelier stagiaire\r\n\r\n2<sup>i\u00e8me<\/sup>\u00a0ann\u00e9e\u00a0: Aspirant Batelier\r\n\r\n3<sup>i\u00e8me<\/sup>\u00a0ann\u00e9e\u00a0: Batelier.\r\n\r\nA l&rsquo;issue de ce cycle, le futur batelier est intronis\u00e9 par son parrain, lors d&rsquo;une c\u00e9r\u00e9monie.\r\n\r\nTous les Bateliers de la Confr\u00e9rie sont en formation continue , chaque ann\u00e9e nous invitons un intervenant soit en flore, faune, g\u00e9ologie, pr\u00e9histoire et nous sommes\u00a0en relation permanentes avec la R\u00e9serve Naturelle des Gorges de l\u2019Ard\u00e8che.<\/P><br ><br>\r\n<\/div>\r\n\r\n<div class=\"col-xs-6\" data-type=\"column\">\r\n<img decoding=\"async\" loading=\"lazy\" class=\"ombrage\" src=\"https:\/\/www.bateliers.net\/wp-content\/uploads\/2018\/02\/jeune1.jpg\" alt=\"\" width=\"480\" height=\"320\" \/>\r\n<br ><br>\r\n<\/div>\r\n<\/div>\r\n<\/div>\r\n\r\n<br ><br>\r\n          <\/div>\r\n      <\/div>\r\n  <\/div>\r\n <\/div>\r\n <\/div>\r\n","protected":false},"excerpt":{"rendered":"<p>La Formation des bateliers : AVANT 1977 : Tout jeune, en allant \u00e0 la p\u00eache avec son p\u00e8re ou son grand-p\u00e8re. Les loisirs \u00e9tant rares, ils commen\u00e7aient avec de petites barques, \u00e0 2 ou 3 p\u00eacheurs. L\u2019embarcation \u00e9tait plus l\u00e9g\u00e8re. La p\u00eache demande beaucoup de man\u0153uvres, des changements de vitesse fr\u00e9quents. La p\u00eache au filet&hellip; <br \/> <a class=\"read-more\" href=\"https:\/\/www.bateliers.net\/index.php\/la-formation-des-bateliers\/\">Lire la suite<\/a><\/p>\n","protected":false},"author":1,"featured_media":0,"parent":0,"menu_order":3,"comment_status":"closed","ping_status":"closed","template":"pro\/page-templates\/full-width-page.php","meta":[],"_links":{"self":[{"href":"https:\/\/www.bateliers.net\/index.php\/wp-json\/wp\/v2\/pages\/417"}],"collection":[{"href":"https:\/\/www.bateliers.net\/index.php\/wp-json\/wp\/v2\/pages"}],"about":[{"href":"https:\/\/www.bateliers.net\/index.php\/wp-json\/wp\/v2\/types\/page"}],"author":[{"embeddable":true,"href":"https:\/\/www.bateliers.net\/index.php\/wp-json\/wp\/v2\/users\/1"}],"replies":[{"embeddable":true,"href":"https:\/\/www.bateliers.net\/index.php\/wp-json\/wp\/v2\/comments?post=417"}],"version-history":[{"count":29,"href":"https:\/\/www.bateliers.net\/index.php\/wp-json\/wp\/v2\/pages\/417\/revisions"}],"predecessor-version":[{"id":647,"href":"https:\/\/www.bateliers.net\/index.php\/wp-json\/wp\/v2\/pages\/417\/revisions\/647"}],"wp:attachment":[{"href":"https:\/\/www.bateliers.net\/index.php\/wp-json\/wp\/v2\/media?parent=417"}],"curies":[{"name":"wp","href":"https:\/\/api.w.org\/{rel}","templated":true}]}}