{"id":56,"date":"2018-01-26T17:10:18","date_gmt":"2018-01-26T16:10:18","guid":{"rendered":"http:\/\/localhost\/COBA\/?page_id=56"},"modified":"2020-04-08T17:42:13","modified_gmt":"2020-04-08T15:42:13","slug":"gueules-de-bateliers","status":"publish","type":"page","link":"https:\/\/www.bateliers.net\/index.php\/gueules-de-bateliers\/","title":{"rendered":"Gueules de bateliers"},"content":{"rendered":"<div  data-id=\"initial-content-section\" data-export-id=\"initial-content-section\" data-label=\"Initial Content\" id=\"initial-content-section\" class=\"content-section\">\n<div  class=\"gridContainer\">\n<div  class=\"row\">\n<div  class=\"col-xs-12 col-sm-12\">\n<div  id=\"portfolio-3\" class=\"portfolio-4 content-section content-section-spacing-top\" style=\"background-color: #f5fafd;\" data-label=\"Portfolio\" data-id=\"portfolio-4\" data-export-id=\"portfolio-4\" data-category=\"portfolio\">\n<div  class=\"\">\n<div  class=\"row text-center\">\n<div  class=\"section-title-col\" data-type=\"column\">\n<h2  class=\"\">Gueules de Bateliers<\/h2>\n<p  class=\"lead\">Une longue lign\u00e9e de bateliers se succ\u00e8dent depuis des d\u00e9cennies, voire\u2026<\/p>\n\n<\/div>\n<\/div>\n<div  class=\"row content-left-sm\" data-type=\"row\">\n<div  class=\"col-xs-12 col-sm-3 no-gutter-col\">\n<div  class=\"contentswap-effect\" data-hover-fx=\"portfolio-4\">\n<div  class=\"initial-image\"><img decoding=\"async\"  src=\"https:\/\/www.bateliers.net\/wp-content\/uploads\/2018\/01\/cropped-Alain-A..jpg\" data-size=\"542x360\"><\/div>\n<div  class=\"overlay bg-color-white\"><\/div>\n<div  class=\"swap-inner col-xs-12\">\n<div  class=\"row full-height-row middle-xs middle-sm\">\n<div  class=\"col-xs-12 text-center content-holder\">ALAIN A<\/div>\n<\/div>\n<\/div>\n<\/div>\n<\/div>\n<div  class=\"col-xs-12 col-sm-3 no-gutter-col\">\n<div  class=\"contentswap-effect\" data-hover-fx=\"portfolio-4\">\n<div  class=\"initial-image\"><img decoding=\"async\"  src=\"https:\/\/www.bateliers.net\/wp-content\/uploads\/2018\/02\/cropped-088.jpg\" data-size=\"542x360\"><\/div>\n<div  class=\"overlay bg-color-white\"><\/div>\n<div  class=\"swap-inner col-xs-12\">\n<div  class=\"row full-height-row middle-xs middle-sm\">\n<div  class=\"col-xs-12 text-center content-holder\">ANNICK C<\/div>\n<\/div>\n<\/div>\n<\/div>\n<\/div>\n<div  class=\"col-xs-12 col-sm-3 no-gutter-col\">\n<div  class=\"contentswap-effect\" data-hover-fx=\"portfolio-4\">\n<div  class=\"initial-image\"><img decoding=\"async\"  src=\"https:\/\/www.bateliers.net\/wp-content\/uploads\/2018\/02\/cropped-097-2.jpg\" data-size=\"542x360\"><\/div>\n<div  class=\"overlay bg-color-white\"><\/div>\n<div  class=\"swap-inner col-xs-12\">\n<div  class=\"row full-height-row middle-xs middle-sm\">\n<div  class=\"col-xs-12 text-center content-holder\">DAVID<\/div>\n<\/div>\n<\/div>\n<\/div>\n<\/div>\n<div  class=\"col-xs-12 col-sm-3 no-gutter-col\">\n<div  class=\"contentswap-effect\" data-hover-fx=\"portfolio-4\">\n<div  class=\"initial-image\"><img decoding=\"async\"  src=\"https:\/\/www.bateliers.net\/wp-content\/uploads\/2018\/01\/cropped-groupe-1.jpg\" data-size=\"542x360\"><\/div>\n<div  class=\"overlay bg-color-white\"><\/div>\n<div  class=\"swap-inner col-xs-12\">\n<div  class=\"row full-height-row middle-xs middle-sm\">\n<div  class=\"col-xs-12 text-center content-holder\">LES COPAINS<\/div>\n<\/div>\n<\/div>\n<\/div>\n<\/div>\n<div  class=\"col-xs-12 col-sm-3 no-gutter-col\">\n<div  class=\"contentswap-effect\" data-hover-fx=\"portfolio-4\">\n<div  class=\"initial-image\"><img decoding=\"async\"  src=\"https:\/\/www.bateliers.net\/wp-content\/uploads\/2018\/01\/cropped-Alain-C.jpg\" data-size=\"542x360\"><\/div>\n<div  class=\"overlay bg-color-white\"><\/div>\n<div  class=\"swap-inner col-xs-12\">\n<div  class=\"row full-height-row middle-xs middle-sm\">\n<div  class=\"col-xs-12 text-center content-holder\">ALAIN C<\/div>\n<\/div>\n<\/div>\n<\/div>\n<\/div>\n<div  class=\"col-xs-12 col-sm-3 no-gutter-col\">\n<div  class=\"contentswap-effect\" data-hover-fx=\"portfolio-4\">\n<div  class=\"initial-image\"><img decoding=\"async\"  src=\"https:\/\/www.bateliers.net\/wp-content\/uploads\/2018\/01\/cropped-Fabien.jpg\" data-size=\"542x360\"><\/div>\n<div  class=\"overlay bg-color-white\"><\/div>\n<div  class=\"swap-inner col-xs-12\">\n<div  class=\"row full-height-row middle-xs middle-sm\">\n<div  class=\"col-xs-12 text-center content-holder\">FAB<\/div>\n<\/div>\n<\/div>\n<\/div>\n<\/div>\n<div  class=\"col-xs-12 col-sm-3 no-gutter-col\">\n<div  class=\"contentswap-effect\" data-hover-fx=\"portfolio-4\">\n<div  class=\"initial-image\"><img decoding=\"async\"  src=\"https:\/\/www.bateliers.net\/wp-content\/uploads\/2018\/01\/cropped-Yann.jpg\" data-size=\"542x360\"><\/div>\n<div  class=\"overlay bg-color-white\"><\/div>\n<div  class=\"swap-inner col-xs-12\">\n<div  class=\"row full-height-row middle-xs middle-sm\">\n<div  class=\"col-xs-12 text-center content-holder\">YANN<\/div>\n<\/div>\n<\/div>\n<\/div>\n<\/div>\n<div  class=\"col-xs-12 col-sm-3 no-gutter-col\">\n<div  class=\"contentswap-effect\" data-hover-fx=\"portfolio-4\">\n<div  class=\"initial-image\"><img decoding=\"async\"  src=\"https:\/\/www.bateliers.net\/wp-content\/uploads\/2018\/01\/cropped-Leo.jpg\" data-size=\"542x360\"><\/div>\n<div  class=\"overlay bg-color-white\"><\/div>\n<div  class=\"swap-inner col-xs-12\">\n<div  class=\"row full-height-row middle-xs middle-sm\">\n<div  class=\"col-xs-12 text-center content-holder\">LEO<\/div>\n<\/div>\n<\/div>\n<\/div>\n<\/div>\n<div  class=\"col-xs-12 col-sm-3 no-gutter-col\">\n<div  class=\"contentswap-effect\" data-hover-fx=\"portfolio-4\">\n<div  class=\"initial-image\"><img decoding=\"async\"  src=\"https:\/\/www.bateliers.net\/wp-content\/uploads\/2018\/02\/cropped-DSC_4678-1.jpg\" data-size=\"542x360\"><\/div>\n<div  class=\"overlay bg-color-white\"><\/div>\n<div  class=\"swap-inner col-xs-12\">\n<div  class=\"row full-height-row middle-xs middle-sm\">\n<div  class=\"col-xs-12 text-center content-holder\">SHIRLEY<\/div>\n<\/div>\n<\/div>\n<\/div>\n<\/div>\n<div  class=\"col-xs-12 col-sm-3 no-gutter-col\">\n<div  class=\"contentswap-effect\" data-hover-fx=\"portfolio-4\">\n<div  class=\"initial-image\"><img decoding=\"async\"  src=\"https:\/\/www.bateliers.net\/wp-content\/uploads\/2018\/02\/cropped-Camille.jpg\" data-size=\"542x360\"><\/div>\n<div  class=\"overlay bg-color-white\"><\/div>\n<div  class=\"swap-inner col-xs-12\">\n<div  class=\"row full-height-row middle-xs middle-sm\">\n<div  class=\"col-xs-12 text-center content-holder\">CAMILLE<\/div>\n<\/div>\n<\/div>\n<\/div>\n<\/div>\n<div  class=\"col-xs-12 col-sm-3 no-gutter-col\">\n<div  class=\"contentswap-effect\" data-hover-fx=\"portfolio-4\">\n<div  class=\"initial-image\"><img decoding=\"async\"  src=\"https:\/\/www.bateliers.net\/wp-content\/uploads\/2018\/02\/cropped-Marie.jpg\" data-size=\"542x360\"><\/div>\n<div  class=\"overlay bg-color-white\"><\/div>\n<div  class=\"swap-inner col-xs-12\">\n<div  class=\"row full-height-row middle-xs middle-sm\">\n<div  class=\"col-xs-12 text-center content-holder\">MARIE<\/div>\n<\/div>\n<\/div>\n<\/div>\n<\/div>\n<div  class=\"col-xs-12 col-sm-3 no-gutter-col\">\n<div  class=\"contentswap-effect\" data-hover-fx=\"portfolio-4\">\n<div  class=\"initial-image\"><img decoding=\"async\"  src=\"https:\/\/www.bateliers.net\/wp-content\/uploads\/2018\/02\/cropped-127.jpg\" data-size=\"542x360\"><\/div>\n<div  class=\"overlay bg-color-white\"><\/div>\n<div  class=\"swap-inner col-xs-12\">\n<div  class=\"row full-height-row middle-xs middle-sm\">\n<div  class=\"col-xs-12 text-center content-holder\">UGO<\/div>\n<\/div>\n<\/div>\n<\/div>\n<\/div>\n<div  class=\"col-xs-12 col-sm-3 no-gutter-col\">\n<div  class=\"contentswap-effect\" data-hover-fx=\"portfolio-4\">\n<div  class=\"initial-image\"><img decoding=\"async\"  src=\"https:\/\/www.bateliers.net\/wp-content\/uploads\/2018\/02\/cropped-martigues.jpg\" data-size=\"542x360\"><\/div>\n<div  class=\"overlay bg-color-white\"><\/div>\n<div  class=\"swap-inner col-xs-12\">\n<div  class=\"row full-height-row middle-xs middle-sm\">\n<div  class=\"col-xs-12 text-center content-holder\">MARTIGUES<\/div>\n<\/div>\n<\/div>\n<\/div>\n<\/div>\n<div  class=\"col-xs-12 col-sm-3 no-gutter-col\">\n<div  class=\"contentswap-effect\" data-hover-fx=\"portfolio-4\">\n<div  class=\"initial-image\"><img decoding=\"async\"  src=\"https:\/\/www.bateliers.net\/wp-content\/uploads\/2018\/02\/cropped-marco.jpg\" data-size=\"542x360\"><\/div>\n<div  class=\"overlay bg-color-white\"><\/div>\n<div  class=\"swap-inner col-xs-12\">\n<div  class=\"row full-height-row middle-xs middle-sm\">\n<div  class=\"col-xs-12 text-center content-holder\">MARCO<\/div>\n<\/div>\n<\/div>\n<\/div>\n<\/div>\n<div  class=\"col-xs-12 col-sm-3 no-gutter-col\">\n<div  class=\"contentswap-effect\" data-hover-fx=\"portfolio-4\">\n<div  class=\"initial-image\"><img decoding=\"async\"  src=\"https:\/\/www.bateliers.net\/wp-content\/uploads\/2018\/02\/cropped-logodos.jpg\" data-size=\"542x360\"><\/div>\n<div  class=\"overlay bg-color-white\"><\/div>\n<div  class=\"swap-inner col-xs-12\">\n<div  class=\"row full-height-row middle-xs middle-sm\">\n<div  class=\"col-xs-12 text-center content-holder\"><\/div>\n<\/div>\n<\/div>\n<\/div>\n<\/div>\n<div  class=\"col-xs-12 col-sm-3 no-gutter-col\">\n<div  class=\"contentswap-effect\" data-hover-fx=\"portfolio-4\">\n<div  class=\"initial-image\"><img decoding=\"async\"  src=\"https:\/\/www.bateliers.net\/wp-content\/uploads\/2018\/02\/cropped-herve.jpg\" data-size=\"542x360\"><\/div>\n<div  class=\"overlay bg-color-white\"><\/div>\n<div  class=\"swap-inner col-xs-12\">\n<div  class=\"row full-height-row middle-xs middle-sm\">\n<div  class=\"col-xs-12 text-center content-holder\">HERVE<\/div>\n<\/div>\n<\/div>\n<\/div>\n<\/div>\n<div  class=\"col-xs-12 col-sm-3 no-gutter-col\">\n<div  class=\"contentswap-effect\" data-hover-fx=\"portfolio-4\">\n<div  class=\"initial-image\"><img decoding=\"async\"  src=\"https:\/\/www.bateliers.net\/wp-content\/uploads\/2018\/02\/cropped-andreG.jpg\" data-size=\"542x360\"><\/div>\n<div  class=\"overlay bg-color-white\"><\/div>\n<div  class=\"swap-inner col-xs-12\">\n<div  class=\"row full-height-row middle-xs middle-sm\">\n<div  class=\"col-xs-12 text-center content-holder\">ANDRE<\/div>\n<\/div>\n<\/div>\n<\/div>\n<\/div>\n<div  class=\"col-xs-12 col-sm-3 no-gutter-col\">\n<div  class=\"contentswap-effect\" data-hover-fx=\"portfolio-4\">\n<div  class=\"initial-image\"><img decoding=\"async\"  src=\"https:\/\/www.bateliers.net\/wp-content\/uploads\/2018\/02\/cropped-097.jpg\" data-size=\"542x360\"><\/div>\n<div  class=\"overlay bg-color-white\"><\/div>\n<div  class=\"swap-inner col-xs-12\">\n<div  class=\"row full-height-row middle-xs middle-sm\">\n<div  class=\"col-xs-12 text-center content-holder\">ROMAIN<\/div>\n<\/div>\n<\/div>\n<\/div>\n<\/div>\n<div  class=\"col-xs-12 col-sm-3 no-gutter-col\">\n<div  class=\"contentswap-effect\" data-hover-fx=\"portfolio-4\">\n<div  class=\"initial-image\"><img decoding=\"async\"  src=\"https:\/\/www.bateliers.net\/wp-content\/uploads\/2018\/02\/cropped-129.jpg\" data-size=\"542x360\"><\/div>\n<div  class=\"overlay bg-color-white\"><\/div>\n<div  class=\"swap-inner col-xs-12\">\n<div  class=\"row full-height-row middle-xs middle-sm\">\n<div  class=\"col-xs-12 text-center content-holder\">CHICO<\/div>\n<\/div>\n<\/div>\n<\/div>\n<\/div>\n<div  class=\"col-xs-12 col-sm-3 no-gutter-col\">\n<div  class=\"contentswap-effect\" data-hover-fx=\"portfolio-4\">\n<div  class=\"initial-image\"><img decoding=\"async\"  src=\"https:\/\/www.bateliers.net\/wp-content\/uploads\/2018\/02\/cropped-090.jpg\" data-size=\"542x360\"><\/div>\n<div  class=\"overlay bg-color-white\"><\/div>\n<div  class=\"swap-inner col-xs-12\">\n<div  class=\"row full-height-row middle-xs middle-sm\">\n<div  class=\"col-xs-12 text-center content-holder\">DIAOU<\/div>\n<\/div>\n<\/div>\n<\/div>\n<\/div>\n<div  class=\"col-xs-12 col-sm-3 no-gutter-col\">\n<div  class=\"contentswap-effect\" data-hover-fx=\"portfolio-4\">\n<div  class=\"initial-image\"><img decoding=\"async\"  src=\"https:\/\/www.bateliers.net\/wp-content\/uploads\/2018\/02\/cropped-087.jpg\" data-size=\"542x360\"><\/div>\n<div  class=\"overlay bg-color-white\"><\/div>\n<div  class=\"swap-inner col-xs-12\">\n<div  class=\"row full-height-row middle-xs middle-sm\">\n<div  class=\"col-xs-12 text-center content-holder\">ELIOTT<\/div>\n<\/div>\n<\/div>\n<\/div>\n<\/div>\n<div  class=\"col-xs-12 col-sm-3 no-gutter-col\">\n<div  class=\"contentswap-effect\" data-hover-fx=\"portfolio-4\">\n<div  class=\"initial-image\"><img decoding=\"async\"  src=\"https:\/\/www.bateliers.net\/wp-content\/uploads\/2018\/02\/cropped-085.jpg\" data-size=\"542x360\"><\/div>\n<div  class=\"overlay bg-color-white\"><\/div>\n<div  class=\"swap-inner col-xs-12\">\n<div  class=\"row full-height-row middle-xs middle-sm\">\n<div  class=\"col-xs-12 text-center content-holder\">MARCO &amp; MICHEL<\/div>\n<\/div>\n<\/div>\n<\/div>\n<\/div>\n<div  class=\"col-xs-12 col-sm-3 no-gutter-col\">\n<div  class=\"contentswap-effect\" data-hover-fx=\"portfolio-4\">\n<div  class=\"initial-image\"><img decoding=\"async\"  src=\"https:\/\/www.bateliers.net\/wp-content\/uploads\/2018\/02\/cropped-080-2.jpg\" data-size=\"542x360\"><\/div>\n<div  class=\"overlay bg-color-white\"><\/div>\n<div  class=\"swap-inner col-xs-12\">\n<div  class=\"row full-height-row middle-xs middle-sm\">\n<div  class=\"col-xs-12 text-center content-holder\">CLEMENT<\/div>\n<\/div>\n<\/div>\n<\/div>\n<\/div>\n<div  class=\"col-xs-12 col-sm-3 no-gutter-col\">\n<div  class=\"contentswap-effect\" data-hover-fx=\"portfolio-4\">\n<div  class=\"initial-image\"><img decoding=\"async\"  src=\"https:\/\/www.bateliers.net\/wp-content\/uploads\/2018\/02\/cropped-080.jpg\" data-size=\"542x360\"><\/div>\n<div  class=\"overlay bg-color-white\"><\/div>\n<div  class=\"swap-inner col-xs-12\">\n<div  class=\"row full-height-row middle-xs middle-sm\">\n<div  class=\"col-xs-12 text-center content-holder\">JO<\/div>\n<\/div>\n<\/div>\n<\/div>\n<\/div>\n<div  class=\"col-xs-12 col-sm-3 no-gutter-col\">\n<div  class=\"contentswap-effect\" data-hover-fx=\"portfolio-4\">\n<div  class=\"initial-image\"><img decoding=\"async\"  src=\"https:\/\/www.bateliers.net\/wp-content\/uploads\/2018\/02\/cropped-046.jpg\" data-size=\"542x360\"><\/div>\n<div  class=\"overlay bg-color-white\"><\/div>\n<div  class=\"swap-inner col-xs-12\">\n<div  class=\"row full-height-row middle-xs middle-sm\">\n<div  class=\"col-xs-12 text-center content-holder\">FLOFY<\/div>\n<\/div>\n<\/div>\n<\/div>\n<\/div>\n\n<\/div>\n<\/div>\n<\/div>\n<\/div>\n<\/div>\n<\/div>\n<\/div>","protected":false},"excerpt":{"rendered":"<p>Gueules de Bateliers Une longue lign\u00e9e de bateliers se succ\u00e8dent depuis des d\u00e9cennies, voire\u2026 ALAIN A ANNICK C DAVID LES COPAINS ALAIN C FAB YANN LEO SHIRLEY CAMILLE MARIE UGO MARTIGUES MARCO HERVE ANDRE ROMAIN CHICO DIAOU ELIOTT MARCO &amp; MICHEL CLEMENT JO FLOFY<\/p>\n","protected":false},"author":1,"featured_media":0,"parent":0,"menu_order":0,"comment_status":"closed","ping_status":"closed","template":"pro\/page-templates\/full-width-page.php","meta":[],"_links":{"self":[{"href":"https:\/\/www.bateliers.net\/index.php\/wp-json\/wp\/v2\/pages\/56"}],"collection":[{"href":"https:\/\/www.bateliers.net\/index.php\/wp-json\/wp\/v2\/pages"}],"about":[{"href":"https:\/\/www.bateliers.net\/index.php\/wp-json\/wp\/v2\/types\/page"}],"author":[{"embeddable":true,"href":"https:\/\/www.bateliers.net\/index.php\/wp-json\/wp\/v2\/users\/1"}],"replies":[{"embeddable":true,"href":"https:\/\/www.bateliers.net\/index.php\/wp-json\/wp\/v2\/comments?post=56"}],"version-history":[{"count":40,"href":"https:\/\/www.bateliers.net\/index.php\/wp-json\/wp\/v2\/pages\/56\/revisions"}],"predecessor-version":[{"id":939,"href":"https:\/\/www.bateliers.net\/index.php\/wp-json\/wp\/v2\/pages\/56\/revisions\/939"}],"wp:attachment":[{"href":"https:\/\/www.bateliers.net\/index.php\/wp-json\/wp\/v2\/media?parent=56"}],"curies":[{"name":"wp","href":"https:\/\/api.w.org\/{rel}","templated":true}]}}